{"id":1339,"date":"2021-11-16T12:21:01","date_gmt":"2021-11-16T12:21:01","guid":{"rendered":"https:\/\/jamon-patanegra.com\/avviso-legale\/"},"modified":"2021-11-18T17:39:21","modified_gmt":"2021-11-18T17:39:21","slug":"avviso-legale","status":"publish","type":"page","link":"https:\/\/jamon-patanegra.com\/it\/avviso-legale\/","title":{"rendered":"Avviso legale"},"content":{"rendered":"\t<section class=\"section\" id=\"section_855284141\">\n\t\t<div class=\"bg section-bg fill bg-fill  bg-loaded\" >\n\n\t\t\t\n\t\t\t\n\t\t\t\n\n\t\t<\/div>\n\n\t\t\n\n\t\t<div class=\"section-content relative\">\n\t\t\t\n<div class=\"row align-center\"  id=\"row-1015367778\">\n\n\t<div id=\"col-2035040644\" class=\"col medium-9 small-12 large-9\"  >\n\t\t\t\t<div class=\"col-inner\"  >\n\t\t\t\n\t\t\t\n<h1>Avviso legale<\/h1>\n<p><span style=\"font-weight: 400;\">Informativa ai sensi del Ley 34\/2002, de 11 de julio<\/span><\/p>\n<p><span style=\"font-weight: 400;\">In conformit\u00e0 con le disposizioni dell&#8217;articolo 10 della legge 34\/2002, dell&#8217;11 luglio, sui servizi della societ\u00e0 dell&#8217;informazione e del commercio elettronico, si informa che il proprietario del sito web \u201cwww.jamon-patanegra.com\u201d<\/span> <span style=\"font-weight: 400;\">che pu\u00f2 essere contattato al seguente indirizzo:<\/span><\/p>\n<p>Pla\u00e7a del Mercat, 2, Parada n\u00ba 7 46680 Algemes\u00ed, Valencia<\/p>\n<p><span style=\"font-weight: 400;\">Cellulare: \u200e+34 634 40 18 91 (Whatsapp disponibile)<\/span><\/p>\n<p><span style=\"font-weight: 400;\">Il sito web www.jamon-patanegra.com \u00e8 la divisione online dell&#8217;azienda IBERICOS Y GOURMET, O.E., con CIF E-04943890 e indirizzo fiscale a Calle Santa B\u00e1rbara, 45. 46680. Algemes\u00ed (Valencia). <\/span><\/p>\n<p><span style=\"font-weight: 400;\">In ogni momento, potrai revocare gratuitamente il tuo consenso e non ricevere comunicazioni promozionali e\/o pubblicitarie indicandolo via email all&#8217;indirizzo <\/span><a href=\"mailto:info@jamonpatanegra.com\"><span style=\"font-weight: 400;\">info@jamonpatanegra.com<\/span><\/a><span style=\"font-weight: 400;\"> .<\/span><\/p>\n<p>In caso di malinteso o errore di traduzione, fa fede la lingua principale, lo spagnolo.<\/p>\n\t\t<\/div>\n\t\t\t\t\t<\/div>\n\n\t\n<\/div>\n\t\t<\/div>\n\n\t\t\n<style>\n#section_855284141 {\n  padding-top: 30px;\n  padding-bottom: 30px;\n}\n#section_855284141 .ux-shape-divider--top svg {\n  height: 150px;\n  --divider-top-width: 100%;\n}\n#section_855284141 .ux-shape-divider--bottom svg {\n  height: 150px;\n  --divider-width: 100%;\n}\n<\/style>\n\t<\/section>\n\t\n","protected":false},"excerpt":{"rendered":"","protected":false},"author":1,"featured_media":0,"parent":0,"menu_order":0,"comment_status":"closed","ping_status":"closed","template":"","meta":{"_joinchat":[],"footnotes":""},"class_list":["post-1339","page","type-page","status-publish","hentry"],"yoast_head":"<!-- This site is optimized with the Yoast SEO plugin v26.8 - https:\/\/yoast.com\/product\/yoast-seo-wordpress\/ -->\n<title>Avviso legale | Jamon-PataNegra.com<\/title>\n<meta name=\"robots\" content=\"noindex, nofollow\" \/>\n<meta property=\"og:locale\" content=\"it_IT\" \/>\n<meta property=\"og:type\" content=\"article\" \/>\n<meta property=\"og:title\" content=\"Avviso legale | Jamon-PataNegra.com\" \/>\n<meta property=\"og:url\" content=\"https:\/\/jamon-patanegra.com\/it\/avviso-legale\/\" \/>\n<meta property=\"og:site_name\" content=\"Jamon-PataNegra.com\" \/>\n<meta property=\"article:modified_time\" content=\"2021-11-18T17:39:21+00:00\" \/>\n<meta name=\"twitter:card\" content=\"summary_large_image\" \/>\n<meta name=\"twitter:label1\" content=\"Tempo di lettura stimato\" \/>\n\t<meta name=\"twitter:data1\" content=\"1 minuto\" \/>\n<script type=\"application\/ld+json\" class=\"yoast-schema-graph\">{\"@context\":\"https:\/\/schema.org\",\"@graph\":[{\"@type\":\"WebPage\",\"@id\":\"https:\/\/jamon-patanegra.com\/it\/avviso-legale\/\",\"url\":\"https:\/\/jamon-patanegra.com\/it\/avviso-legale\/\",\"name\":\"Avviso legale | Jamon-PataNegra.com\",\"isPartOf\":{\"@id\":\"https:\/\/jamon-patanegra.com\/it\/#website\"},\"datePublished\":\"2021-11-16T12:21:01+00:00\",\"dateModified\":\"2021-11-18T17:39:21+00:00\",\"breadcrumb\":{\"@id\":\"https:\/\/jamon-patanegra.com\/it\/avviso-legale\/#breadcrumb\"},\"inLanguage\":\"it-IT\",\"potentialAction\":[{\"@type\":\"ReadAction\",\"target\":[\"https:\/\/jamon-patanegra.com\/it\/avviso-legale\/\"]}]},{\"@type\":\"BreadcrumbList\",\"@id\":\"https:\/\/jamon-patanegra.com\/it\/avviso-legale\/#breadcrumb\",\"itemListElement\":[{\"@type\":\"ListItem\",\"position\":1,\"name\":\"Portada\",\"item\":\"https:\/\/jamon-patanegra.com\/it\/\"},{\"@type\":\"ListItem\",\"position\":2,\"name\":\"Avviso legale\"}]},{\"@type\":\"WebSite\",\"@id\":\"https:\/\/jamon-patanegra.com\/it\/#website\",\"url\":\"https:\/\/jamon-patanegra.com\/it\/\",\"name\":\"Jamon-PataNegra.com\",\"description\":\"\",\"publisher\":{\"@id\":\"https:\/\/jamon-patanegra.com\/it\/#organization\"},\"potentialAction\":[{\"@type\":\"SearchAction\",\"target\":{\"@type\":\"EntryPoint\",\"urlTemplate\":\"https:\/\/jamon-patanegra.com\/it\/?s={search_term_string}\"},\"query-input\":{\"@type\":\"PropertyValueSpecification\",\"valueRequired\":true,\"valueName\":\"search_term_string\"}}],\"inLanguage\":\"it-IT\"},{\"@type\":\"Organization\",\"@id\":\"https:\/\/jamon-patanegra.com\/it\/#organization\",\"name\":\"Jamon-PataNegra.com\",\"url\":\"https:\/\/jamon-patanegra.com\/it\/\",\"logo\":{\"@type\":\"ImageObject\",\"inLanguage\":\"it-IT\",\"@id\":\"https:\/\/jamon-patanegra.com\/it\/#\/schema\/logo\/image\/\",\"url\":\"https:\/\/jamon-patanegra.com\/wp-content\/uploads\/2021\/07\/logo_factura.jpg\",\"contentUrl\":\"https:\/\/jamon-patanegra.com\/wp-content\/uploads\/2021\/07\/logo_factura.jpg\",\"width\":470,\"height\":176,\"caption\":\"Jamon-PataNegra.com\"},\"image\":{\"@id\":\"https:\/\/jamon-patanegra.com\/it\/#\/schema\/logo\/image\/\"}}]}<\/script>\n<!-- \/ Yoast SEO plugin. -->","yoast_head_json":{"title":"Avviso legale | Jamon-PataNegra.com","robots":{"index":"noindex","follow":"nofollow"},"og_locale":"it_IT","og_type":"article","og_title":"Avviso legale | Jamon-PataNegra.com","og_url":"https:\/\/jamon-patanegra.com\/it\/avviso-legale\/","og_site_name":"Jamon-PataNegra.com","article_modified_time":"2021-11-18T17:39:21+00:00","twitter_card":"summary_large_image","twitter_misc":{"Tempo di lettura stimato":"1 minuto"},"schema":{"@context":"https:\/\/schema.org","@graph":[{"@type":"WebPage","@id":"https:\/\/jamon-patanegra.com\/it\/avviso-legale\/","url":"https:\/\/jamon-patanegra.com\/it\/avviso-legale\/","name":"Avviso legale | Jamon-PataNegra.com","isPartOf":{"@id":"https:\/\/jamon-patanegra.com\/it\/#website"},"datePublished":"2021-11-16T12:21:01+00:00","dateModified":"2021-11-18T17:39:21+00:00","breadcrumb":{"@id":"https:\/\/jamon-patanegra.com\/it\/avviso-legale\/#breadcrumb"},"inLanguage":"it-IT","potentialAction":[{"@type":"ReadAction","target":["https:\/\/jamon-patanegra.com\/it\/avviso-legale\/"]}]},{"@type":"BreadcrumbList","@id":"https:\/\/jamon-patanegra.com\/it\/avviso-legale\/#breadcrumb","itemListElement":[{"@type":"ListItem","position":1,"name":"Portada","item":"https:\/\/jamon-patanegra.com\/it\/"},{"@type":"ListItem","position":2,"name":"Avviso legale"}]},{"@type":"WebSite","@id":"https:\/\/jamon-patanegra.com\/it\/#website","url":"https:\/\/jamon-patanegra.com\/it\/","name":"Jamon-PataNegra.com","description":"","publisher":{"@id":"https:\/\/jamon-patanegra.com\/it\/#organization"},"potentialAction":[{"@type":"SearchAction","target":{"@type":"EntryPoint","urlTemplate":"https:\/\/jamon-patanegra.com\/it\/?s={search_term_string}"},"query-input":{"@type":"PropertyValueSpecification","valueRequired":true,"valueName":"search_term_string"}}],"inLanguage":"it-IT"},{"@type":"Organization","@id":"https:\/\/jamon-patanegra.com\/it\/#organization","name":"Jamon-PataNegra.com","url":"https:\/\/jamon-patanegra.com\/it\/","logo":{"@type":"ImageObject","inLanguage":"it-IT","@id":"https:\/\/jamon-patanegra.com\/it\/#\/schema\/logo\/image\/","url":"https:\/\/jamon-patanegra.com\/wp-content\/uploads\/2021\/07\/logo_factura.jpg","contentUrl":"https:\/\/jamon-patanegra.com\/wp-content\/uploads\/2021\/07\/logo_factura.jpg","width":470,"height":176,"caption":"Jamon-PataNegra.com"},"image":{"@id":"https:\/\/jamon-patanegra.com\/it\/#\/schema\/logo\/image\/"}}]}},"_links":{"self":[{"href":"https:\/\/jamon-patanegra.com\/it\/wp-json\/wp\/v2\/pages\/1339","targetHints":{"allow":["GET"]}}],"collection":[{"href":"https:\/\/jamon-patanegra.com\/it\/wp-json\/wp\/v2\/pages"}],"about":[{"href":"https:\/\/jamon-patanegra.com\/it\/wp-json\/wp\/v2\/types\/page"}],"author":[{"embeddable":true,"href":"https:\/\/jamon-patanegra.com\/it\/wp-json\/wp\/v2\/users\/1"}],"replies":[{"embeddable":true,"href":"https:\/\/jamon-patanegra.com\/it\/wp-json\/wp\/v2\/comments?post=1339"}],"version-history":[{"count":10,"href":"https:\/\/jamon-patanegra.com\/it\/wp-json\/wp\/v2\/pages\/1339\/revisions"}],"predecessor-version":[{"id":1424,"href":"https:\/\/jamon-patanegra.com\/it\/wp-json\/wp\/v2\/pages\/1339\/revisions\/1424"}],"wp:attachment":[{"href":"https:\/\/jamon-patanegra.com\/it\/wp-json\/wp\/v2\/media?parent=1339"}],"curies":[{"name":"wp","href":"https:\/\/api.w.org\/{rel}","templated":true}]}}