{"id":1153,"date":"2021-05-14T12:32:33","date_gmt":"2021-05-14T12:32:33","guid":{"rendered":"https:\/\/jamon-patanegra.com\/producto\/jamon-pata-negra-iberico-bellota\/"},"modified":"2025-12-02T20:22:13","modified_gmt":"2025-12-02T19:22:13","slug":"jamon-iberico-de-bellota","status":"publish","type":"product","link":"https:\/\/jamon-patanegra.com\/en\/producto\/jamon-iberico-de-bellota\/","title":{"rendered":"Iberico Bellota Ham 50%"},"content":{"rendered":"<p>Iberian Acorn-fed Ham 50% Iberian breed, &#8216;Santa Barbara&#8217; brand &#8211; Red label according to <em>&#8220;Real Decreto 4\/2014, de 10 de enero, por el que se aprueba la norma de<\/em><br \/>\n<em>calidad para la carne, el jam\u00f3n, la paleta y la ca\u00f1a de lomo ib\u00e9rico&#8221;<\/em><\/p>\n<p>Ham from the hind limbs of the pig. It is the <strong>jewel in the crown<\/strong>, as in addition to having all the advantages and peculiarities of the Iberian breed, it is reared in large pastures in semi-freedom. This allows it to exercise its musculature and feed on higher quality products, <strong>acorns<\/strong>, with a high calorie and oleic acid content. Thanks to all this, Iberian acorn-fed ham has such an exquisite flavour. In addition, studies have shown that regular consumption has beneficial health effects.<\/p>\n","protected":false},"excerpt":{"rendered":"<p><em>You&#8217;ll drool<\/em>&#8230;\ud83d\ude0b<\/p>\n<p>Ham from the hind limbs of the pig. It is the <strong>jewel in the crown<\/strong>, as in addition to having all the advantages and peculiarities of the Iberian breed, it is reared in large pastures in semi-freedom. This allows it to exercise its musculature and feed on higher quality products, <strong>acorns<\/strong>, with a high calorie and oleic acid content. Thanks to all this, Iberian acorn-fed ham has such an exquisite flavour. In addition, studies have shown that regular consumption has beneficial health effects.<\/p>\n","protected":false},"featured_media":1932,"comment_status":"open","ping_status":"closed","template":"","meta":{"_joinchat":[]},"product_brand":[],"product_cat":[159,78],"product_tag":[],"class_list":{"0":"post-1153","1":"product","2":"type-product","3":"status-publish","4":"has-post-thumbnail","6":"product_cat-iberico-ham","7":"product_cat-ham","9":"first","10":"outofstock","11":"sale","12":"taxable","13":"shipping-taxable","14":"purchasable","15":"product-type-variable"},"bundle_layout":"","bundle_add_to_cart_form_location":"","bundle_editable_in_cart":false,"bundle_sold_individually_context":"","bundle_item_grouping":"","bundle_min_size":"","bundle_max_size":"","bundled_by":[],"bundled_items":[],"yoast_head":"<!-- This site is optimized with the Yoast SEO plugin v26.8 - https:\/\/yoast.com\/product\/yoast-seo-wordpress\/ -->\n<title>Iberico Bellota Ham 50% | Jamon-PataNegra.com<\/title>\n<meta name=\"description\" content=\"Buy the jewel in the crown, it has all the advantages and peculiarities of the Iberian breed, bred in large pastures. Buy Online with home delivery!\" \/>\n<meta name=\"robots\" content=\"index, follow, max-snippet:-1, max-image-preview:large, max-video-preview:-1\" \/>\n<link rel=\"canonical\" href=\"https:\/\/jamon-patanegra.com\/en\/producto\/jamon-iberico-de-bellota\/\" \/>\n<meta property=\"og:locale\" content=\"en_US\" \/>\n<meta property=\"og:type\" content=\"article\" \/>\n<meta property=\"og:title\" content=\"Iberico Bellota Ham 50% | Jamon-PataNegra.com\" \/>\n<meta property=\"og:description\" content=\"Buy the jewel in the crown, it has all the advantages and peculiarities of the Iberian breed, bred in large pastures. Buy Online with home delivery!\" \/>\n<meta property=\"og:url\" content=\"https:\/\/jamon-patanegra.com\/en\/producto\/jamon-iberico-de-bellota\/\" \/>\n<meta property=\"og:site_name\" content=\"Jamon-PataNegra.com\" \/>\n<meta property=\"article:modified_time\" content=\"2025-12-02T19:22:13+00:00\" \/>\n<meta property=\"og:image\" content=\"https:\/\/jamon-patanegra.com\/wp-content\/uploads\/2021\/05\/jamon-iberico-bellota-comprar-rojo-3.png\" \/>\n\t<meta property=\"og:image:width\" content=\"1200\" \/>\n\t<meta property=\"og:image:height\" content=\"1200\" \/>\n\t<meta property=\"og:image:type\" content=\"image\/png\" \/>\n<meta name=\"twitter:card\" content=\"summary_large_image\" \/>\n<meta name=\"twitter:label1\" content=\"Est. reading time\" \/>\n\t<meta name=\"twitter:data1\" content=\"1 minute\" \/>\n<script type=\"application\/ld+json\" class=\"yoast-schema-graph\">{\"@context\":\"https:\/\/schema.org\",\"@graph\":[{\"@type\":\"WebPage\",\"@id\":\"https:\/\/jamon-patanegra.com\/en\/producto\/jamon-iberico-de-bellota\/\",\"url\":\"https:\/\/jamon-patanegra.com\/en\/producto\/jamon-iberico-de-bellota\/\",\"name\":\"Iberico Bellota Ham 50% | Jamon-PataNegra.com\",\"isPartOf\":{\"@id\":\"https:\/\/jamon-patanegra.com\/en\/#website\"},\"primaryImageOfPage\":{\"@id\":\"https:\/\/jamon-patanegra.com\/en\/producto\/jamon-iberico-de-bellota\/#primaryimage\"},\"image\":{\"@id\":\"https:\/\/jamon-patanegra.com\/en\/producto\/jamon-iberico-de-bellota\/#primaryimage\"},\"thumbnailUrl\":\"https:\/\/jamon-patanegra.com\/wp-content\/uploads\/2021\/05\/jamon-iberico-bellota-comprar-rojo-3.png\",\"datePublished\":\"2021-05-14T12:32:33+00:00\",\"dateModified\":\"2025-12-02T19:22:13+00:00\",\"description\":\"Buy the jewel in the crown, it has all the advantages and peculiarities of the Iberian breed, bred in large pastures. Buy Online with home delivery!\",\"breadcrumb\":{\"@id\":\"https:\/\/jamon-patanegra.com\/en\/producto\/jamon-iberico-de-bellota\/#breadcrumb\"},\"inLanguage\":\"en-US\",\"potentialAction\":[{\"@type\":\"ReadAction\",\"target\":[\"https:\/\/jamon-patanegra.com\/en\/producto\/jamon-iberico-de-bellota\/\"]}]},{\"@type\":\"ImageObject\",\"inLanguage\":\"en-US\",\"@id\":\"https:\/\/jamon-patanegra.com\/en\/producto\/jamon-iberico-de-bellota\/#primaryimage\",\"url\":\"https:\/\/jamon-patanegra.com\/wp-content\/uploads\/2021\/05\/jamon-iberico-bellota-comprar-rojo-3.png\",\"contentUrl\":\"https:\/\/jamon-patanegra.com\/wp-content\/uploads\/2021\/05\/jamon-iberico-bellota-comprar-rojo-3.png\",\"width\":1200,\"height\":1200},{\"@type\":\"BreadcrumbList\",\"@id\":\"https:\/\/jamon-patanegra.com\/en\/producto\/jamon-iberico-de-bellota\/#breadcrumb\",\"itemListElement\":[{\"@type\":\"ListItem\",\"position\":1,\"name\":\"Portada\",\"item\":\"https:\/\/jamon-patanegra.com\/en\/\"},{\"@type\":\"ListItem\",\"position\":2,\"name\":\"Shop\",\"item\":\"https:\/\/jamon-patanegra.com\/en\/shop\/\"},{\"@type\":\"ListItem\",\"position\":3,\"name\":\"Iberico Bellota Ham 50%\"}]},{\"@type\":\"WebSite\",\"@id\":\"https:\/\/jamon-patanegra.com\/en\/#website\",\"url\":\"https:\/\/jamon-patanegra.com\/en\/\",\"name\":\"Jamon-PataNegra.com\",\"description\":\"\",\"publisher\":{\"@id\":\"https:\/\/jamon-patanegra.com\/en\/#organization\"},\"potentialAction\":[{\"@type\":\"SearchAction\",\"target\":{\"@type\":\"EntryPoint\",\"urlTemplate\":\"https:\/\/jamon-patanegra.com\/en\/?s={search_term_string}\"},\"query-input\":{\"@type\":\"PropertyValueSpecification\",\"valueRequired\":true,\"valueName\":\"search_term_string\"}}],\"inLanguage\":\"en-US\"},{\"@type\":\"Organization\",\"@id\":\"https:\/\/jamon-patanegra.com\/en\/#organization\",\"name\":\"Jamon-PataNegra.com\",\"url\":\"https:\/\/jamon-patanegra.com\/en\/\",\"logo\":{\"@type\":\"ImageObject\",\"inLanguage\":\"en-US\",\"@id\":\"https:\/\/jamon-patanegra.com\/en\/#\/schema\/logo\/image\/\",\"url\":\"https:\/\/jamon-patanegra.com\/wp-content\/uploads\/2021\/07\/logo_factura.jpg\",\"contentUrl\":\"https:\/\/jamon-patanegra.com\/wp-content\/uploads\/2021\/07\/logo_factura.jpg\",\"width\":470,\"height\":176,\"caption\":\"Jamon-PataNegra.com\"},\"image\":{\"@id\":\"https:\/\/jamon-patanegra.com\/en\/#\/schema\/logo\/image\/\"}}]}<\/script>\n<!-- \/ Yoast SEO plugin. -->","yoast_head_json":{"title":"Iberico Bellota Ham 50% | Jamon-PataNegra.com","description":"Buy the jewel in the crown, it has all the advantages and peculiarities of the Iberian breed, bred in large pastures. Buy Online with home delivery!","robots":{"index":"index","follow":"follow","max-snippet":"max-snippet:-1","max-image-preview":"max-image-preview:large","max-video-preview":"max-video-preview:-1"},"canonical":"https:\/\/jamon-patanegra.com\/en\/producto\/jamon-iberico-de-bellota\/","og_locale":"en_US","og_type":"article","og_title":"Iberico Bellota Ham 50% | Jamon-PataNegra.com","og_description":"Buy the jewel in the crown, it has all the advantages and peculiarities of the Iberian breed, bred in large pastures. Buy Online with home delivery!","og_url":"https:\/\/jamon-patanegra.com\/en\/producto\/jamon-iberico-de-bellota\/","og_site_name":"Jamon-PataNegra.com","article_modified_time":"2025-12-02T19:22:13+00:00","og_image":[{"width":1200,"height":1200,"url":"https:\/\/jamon-patanegra.com\/wp-content\/uploads\/2021\/05\/jamon-iberico-bellota-comprar-rojo-3.png","type":"image\/png"}],"twitter_card":"summary_large_image","twitter_misc":{"Est. reading time":"1 minute"},"schema":{"@context":"https:\/\/schema.org","@graph":[{"@type":"WebPage","@id":"https:\/\/jamon-patanegra.com\/en\/producto\/jamon-iberico-de-bellota\/","url":"https:\/\/jamon-patanegra.com\/en\/producto\/jamon-iberico-de-bellota\/","name":"Iberico Bellota Ham 50% | Jamon-PataNegra.com","isPartOf":{"@id":"https:\/\/jamon-patanegra.com\/en\/#website"},"primaryImageOfPage":{"@id":"https:\/\/jamon-patanegra.com\/en\/producto\/jamon-iberico-de-bellota\/#primaryimage"},"image":{"@id":"https:\/\/jamon-patanegra.com\/en\/producto\/jamon-iberico-de-bellota\/#primaryimage"},"thumbnailUrl":"https:\/\/jamon-patanegra.com\/wp-content\/uploads\/2021\/05\/jamon-iberico-bellota-comprar-rojo-3.png","datePublished":"2021-05-14T12:32:33+00:00","dateModified":"2025-12-02T19:22:13+00:00","description":"Buy the jewel in the crown, it has all the advantages and peculiarities of the Iberian breed, bred in large pastures. Buy Online with home delivery!","breadcrumb":{"@id":"https:\/\/jamon-patanegra.com\/en\/producto\/jamon-iberico-de-bellota\/#breadcrumb"},"inLanguage":"en-US","potentialAction":[{"@type":"ReadAction","target":["https:\/\/jamon-patanegra.com\/en\/producto\/jamon-iberico-de-bellota\/"]}]},{"@type":"ImageObject","inLanguage":"en-US","@id":"https:\/\/jamon-patanegra.com\/en\/producto\/jamon-iberico-de-bellota\/#primaryimage","url":"https:\/\/jamon-patanegra.com\/wp-content\/uploads\/2021\/05\/jamon-iberico-bellota-comprar-rojo-3.png","contentUrl":"https:\/\/jamon-patanegra.com\/wp-content\/uploads\/2021\/05\/jamon-iberico-bellota-comprar-rojo-3.png","width":1200,"height":1200},{"@type":"BreadcrumbList","@id":"https:\/\/jamon-patanegra.com\/en\/producto\/jamon-iberico-de-bellota\/#breadcrumb","itemListElement":[{"@type":"ListItem","position":1,"name":"Portada","item":"https:\/\/jamon-patanegra.com\/en\/"},{"@type":"ListItem","position":2,"name":"Shop","item":"https:\/\/jamon-patanegra.com\/en\/shop\/"},{"@type":"ListItem","position":3,"name":"Iberico Bellota Ham 50%"}]},{"@type":"WebSite","@id":"https:\/\/jamon-patanegra.com\/en\/#website","url":"https:\/\/jamon-patanegra.com\/en\/","name":"Jamon-PataNegra.com","description":"","publisher":{"@id":"https:\/\/jamon-patanegra.com\/en\/#organization"},"potentialAction":[{"@type":"SearchAction","target":{"@type":"EntryPoint","urlTemplate":"https:\/\/jamon-patanegra.com\/en\/?s={search_term_string}"},"query-input":{"@type":"PropertyValueSpecification","valueRequired":true,"valueName":"search_term_string"}}],"inLanguage":"en-US"},{"@type":"Organization","@id":"https:\/\/jamon-patanegra.com\/en\/#organization","name":"Jamon-PataNegra.com","url":"https:\/\/jamon-patanegra.com\/en\/","logo":{"@type":"ImageObject","inLanguage":"en-US","@id":"https:\/\/jamon-patanegra.com\/en\/#\/schema\/logo\/image\/","url":"https:\/\/jamon-patanegra.com\/wp-content\/uploads\/2021\/07\/logo_factura.jpg","contentUrl":"https:\/\/jamon-patanegra.com\/wp-content\/uploads\/2021\/07\/logo_factura.jpg","width":470,"height":176,"caption":"Jamon-PataNegra.com"},"image":{"@id":"https:\/\/jamon-patanegra.com\/en\/#\/schema\/logo\/image\/"}}]}},"_links":{"self":[{"href":"https:\/\/jamon-patanegra.com\/en\/wp-json\/wp\/v2\/product\/1153","targetHints":{"allow":["GET"]}}],"collection":[{"href":"https:\/\/jamon-patanegra.com\/en\/wp-json\/wp\/v2\/product"}],"about":[{"href":"https:\/\/jamon-patanegra.com\/en\/wp-json\/wp\/v2\/types\/product"}],"replies":[{"embeddable":true,"href":"https:\/\/jamon-patanegra.com\/en\/wp-json\/wp\/v2\/comments?post=1153"}],"wp:featuredmedia":[{"embeddable":true,"href":"https:\/\/jamon-patanegra.com\/en\/wp-json\/wp\/v2\/media\/1932"}],"wp:attachment":[{"href":"https:\/\/jamon-patanegra.com\/en\/wp-json\/wp\/v2\/media?parent=1153"}],"wp:term":[{"taxonomy":"product_brand","embeddable":true,"href":"https:\/\/jamon-patanegra.com\/en\/wp-json\/wp\/v2\/product_brand?post=1153"},{"taxonomy":"product_cat","embeddable":true,"href":"https:\/\/jamon-patanegra.com\/en\/wp-json\/wp\/v2\/product_cat?post=1153"},{"taxonomy":"product_tag","embeddable":true,"href":"https:\/\/jamon-patanegra.com\/en\/wp-json\/wp\/v2\/product_tag?post=1153"}],"curies":[{"name":"wp","href":"https:\/\/api.w.org\/{rel}","templated":true}]}}