{"id":1068,"date":"2021-05-14T12:42:14","date_gmt":"2021-05-14T12:42:14","guid":{"rendered":"https:\/\/jamon-patanegra.com\/producto\/serrano-ham-reserve\/"},"modified":"2023-06-09T14:02:48","modified_gmt":"2023-06-09T13:02:48","slug":"jamon-serrano-reserva","status":"publish","type":"product","link":"https:\/\/jamon-patanegra.com\/en\/producto\/jamon-serrano-reserva\/","title":{"rendered":"Serrano Ham Traditional Speciality Guaranteed Reserve"},"content":{"rendered":"<p><strong>More than 14 months of curing! <\/strong>Ham from the hind limbs of the pig. It is called serrano because of the ancient tradition of curing it in the mountains and thus taking advantage of the low temperatures to obtain a higher quality ham. Thanks to the glutamine and rhinonucleic acid, Serrano ham has that characteristic flavour that is sure to make you salivate with pleasure.<\/p>\n<p><strong>This is a traditional Serrano ham &#8216;ETG&#8217;<\/strong> &#8211; <strong>Traditional Speciality Guaranteed<\/strong> &#8211; which allows the registration and certification of foodstuffs with specific characteristics derived from their composition or traditional production method.<\/p>\n","protected":false},"excerpt":{"rendered":"<p><span data-sheets-value=\"{\"1\":2,\"2\":\"Se trata de la extremidad trasera del cerdo. Recibe el nombre de serrano por la antigua tradici\u00f3n de curarlos en las sierras y as\u00ed aprovechar las bajas temperaturas para conseguir un jam\u00f3n de mayor calidad. Gracias al \u00e1cido glutam\u00ednico y el rinonucleico, el jam\u00f3n serrano tiene ese sabor tan caracter\u00edstico, que seguro que te har\u00e1 salivar de gusto.\"}\" data-sheets-userformat=\"{\"2\":14653,\"3\":{\"1\":0,\"3\":1},\"5\":{\"1\":[{\"1\":2,\"2\":0,\"5\":{\"1\":2,\"2\":0}},{\"1\":0,\"2\":0,\"3\":3},{\"1\":1,\"2\":0,\"4\":1}]},\"6\":{\"1\":[{\"1\":2,\"2\":0,\"5\":{\"1\":2,\"2\":0}},{\"1\":0,\"2\":0,\"3\":3},{\"1\":1,\"2\":0,\"4\":1}]},\"7\":{\"1\":[{\"1\":2,\"2\":0,\"5\":{\"1\":2,\"2\":0}},{\"1\":0,\"2\":0,\"3\":3},{\"1\":1,\"2\":0,\"4\":1}]},\"8\":{\"1\":[{\"1\":2,\"2\":0,\"5\":{\"1\":2,\"2\":0}},{\"1\":0,\"2\":0,\"3\":3},{\"1\":1,\"2\":0,\"4\":1}]},\"11\":4,\"14\":{\"1\":3,\"3\":1},\"15\":\"Calibri\",\"16\":11}\"><strong>Over 14 months of curing! <\/strong>This is the hind limb of the pig. It is called serrano because of the ancient tradition of curing it in the mountains and thus taking advantage of the low temperatures to obtain a higher quality ham. Thanks to the glutamine and rhinonucleic acid, Serrano ham has that characteristic flavour that is sure to make you salivate with pleasure.<\/span><\/p>\n<p>\ud83d\udd0e <strong>It is a traditional serrano ham &#8216;ETG&#8217;<\/strong> &#8211;<strong>Traditional Speciality Guaranteed<\/strong> <\/p>\n","protected":false},"featured_media":1926,"comment_status":"open","ping_status":"closed","template":"","meta":{"_joinchat":[]},"product_brand":[],"product_cat":[167,78],"product_tag":[],"class_list":{"0":"post-1068","1":"product","2":"type-product","3":"status-publish","4":"has-post-thumbnail","6":"product_cat-serrano-ham","7":"product_cat-ham","9":"first","10":"instock","11":"sale","12":"taxable","13":"shipping-taxable","14":"purchasable","15":"product-type-variable","16":"has-default-attributes"},"bundle_layout":"","bundle_add_to_cart_form_location":"","bundle_editable_in_cart":false,"bundle_sold_individually_context":"","bundle_item_grouping":"","bundle_min_size":"","bundle_max_size":"","bundled_by":[],"bundled_items":[],"yoast_head":"<!-- This site is optimized with the Yoast SEO plugin v26.8 - https:\/\/yoast.com\/product\/yoast-seo-wordpress\/ -->\n<title>Serrano Ham RESERVA Traditional Speciality Guaranteed - Buy Online | jamon-patanegra.com<\/title>\n<meta name=\"description\" content=\"Buy &#039;Jam\u00f3n Serrano Reserva&#039; Traditional. It is called serrano because of the ancient tradition of curing them in the sierras. Buy Online with home delivery!\" \/>\n<meta name=\"robots\" content=\"index, follow, max-snippet:-1, max-image-preview:large, max-video-preview:-1\" \/>\n<link rel=\"canonical\" href=\"https:\/\/jamon-patanegra.com\/en\/producto\/jamon-serrano-reserva\/\" \/>\n<meta property=\"og:locale\" content=\"en_US\" \/>\n<meta property=\"og:type\" content=\"article\" \/>\n<meta property=\"og:title\" content=\"Serrano Ham RESERVA Traditional Speciality Guaranteed - Buy Online | jamon-patanegra.com\" \/>\n<meta property=\"og:description\" content=\"Buy &#039;Jam\u00f3n Serrano Reserva&#039; Traditional. It is called serrano because of the ancient tradition of curing them in the sierras. Buy Online with home delivery!\" \/>\n<meta property=\"og:url\" content=\"https:\/\/jamon-patanegra.com\/en\/producto\/jamon-serrano-reserva\/\" \/>\n<meta property=\"og:site_name\" content=\"Jamon-PataNegra.com\" \/>\n<meta property=\"article:modified_time\" content=\"2023-06-09T13:02:48+00:00\" \/>\n<meta property=\"og:image\" content=\"https:\/\/jamon-patanegra.com\/wp-content\/uploads\/2021\/05\/jamon-serrano-reserva-2.png\" \/>\n\t<meta property=\"og:image:width\" content=\"1200\" \/>\n\t<meta property=\"og:image:height\" content=\"1200\" \/>\n\t<meta property=\"og:image:type\" content=\"image\/png\" \/>\n<meta name=\"twitter:card\" content=\"summary_large_image\" \/>\n<script type=\"application\/ld+json\" class=\"yoast-schema-graph\">{\"@context\":\"https:\/\/schema.org\",\"@graph\":[{\"@type\":\"WebPage\",\"@id\":\"https:\/\/jamon-patanegra.com\/en\/producto\/jamon-serrano-reserva\/\",\"url\":\"https:\/\/jamon-patanegra.com\/en\/producto\/jamon-serrano-reserva\/\",\"name\":\"Serrano Ham RESERVA Traditional Speciality Guaranteed - Buy Online | jamon-patanegra.com\",\"isPartOf\":{\"@id\":\"https:\/\/jamon-patanegra.com\/en\/#website\"},\"primaryImageOfPage\":{\"@id\":\"https:\/\/jamon-patanegra.com\/en\/producto\/jamon-serrano-reserva\/#primaryimage\"},\"image\":{\"@id\":\"https:\/\/jamon-patanegra.com\/en\/producto\/jamon-serrano-reserva\/#primaryimage\"},\"thumbnailUrl\":\"https:\/\/jamon-patanegra.com\/wp-content\/uploads\/2021\/05\/jamon-serrano-reserva-2.png\",\"datePublished\":\"2021-05-14T12:42:14+00:00\",\"dateModified\":\"2023-06-09T13:02:48+00:00\",\"description\":\"Buy 'Jam\u00f3n Serrano Reserva' Traditional. It is called serrano because of the ancient tradition of curing them in the sierras. Buy Online with home delivery!\",\"breadcrumb\":{\"@id\":\"https:\/\/jamon-patanegra.com\/en\/producto\/jamon-serrano-reserva\/#breadcrumb\"},\"inLanguage\":\"en-US\",\"potentialAction\":[{\"@type\":\"ReadAction\",\"target\":[\"https:\/\/jamon-patanegra.com\/en\/producto\/jamon-serrano-reserva\/\"]}]},{\"@type\":\"ImageObject\",\"inLanguage\":\"en-US\",\"@id\":\"https:\/\/jamon-patanegra.com\/en\/producto\/jamon-serrano-reserva\/#primaryimage\",\"url\":\"https:\/\/jamon-patanegra.com\/wp-content\/uploads\/2021\/05\/jamon-serrano-reserva-2.png\",\"contentUrl\":\"https:\/\/jamon-patanegra.com\/wp-content\/uploads\/2021\/05\/jamon-serrano-reserva-2.png\",\"width\":1200,\"height\":1200},{\"@type\":\"BreadcrumbList\",\"@id\":\"https:\/\/jamon-patanegra.com\/en\/producto\/jamon-serrano-reserva\/#breadcrumb\",\"itemListElement\":[{\"@type\":\"ListItem\",\"position\":1,\"name\":\"Portada\",\"item\":\"https:\/\/jamon-patanegra.com\/en\/\"},{\"@type\":\"ListItem\",\"position\":2,\"name\":\"Shop\",\"item\":\"https:\/\/jamon-patanegra.com\/en\/shop\/\"},{\"@type\":\"ListItem\",\"position\":3,\"name\":\"Serrano Ham Traditional Speciality Guaranteed Reserve\"}]},{\"@type\":\"WebSite\",\"@id\":\"https:\/\/jamon-patanegra.com\/en\/#website\",\"url\":\"https:\/\/jamon-patanegra.com\/en\/\",\"name\":\"Jamon-PataNegra.com\",\"description\":\"\",\"publisher\":{\"@id\":\"https:\/\/jamon-patanegra.com\/en\/#organization\"},\"potentialAction\":[{\"@type\":\"SearchAction\",\"target\":{\"@type\":\"EntryPoint\",\"urlTemplate\":\"https:\/\/jamon-patanegra.com\/en\/?s={search_term_string}\"},\"query-input\":{\"@type\":\"PropertyValueSpecification\",\"valueRequired\":true,\"valueName\":\"search_term_string\"}}],\"inLanguage\":\"en-US\"},{\"@type\":\"Organization\",\"@id\":\"https:\/\/jamon-patanegra.com\/en\/#organization\",\"name\":\"Jamon-PataNegra.com\",\"url\":\"https:\/\/jamon-patanegra.com\/en\/\",\"logo\":{\"@type\":\"ImageObject\",\"inLanguage\":\"en-US\",\"@id\":\"https:\/\/jamon-patanegra.com\/en\/#\/schema\/logo\/image\/\",\"url\":\"https:\/\/jamon-patanegra.com\/wp-content\/uploads\/2021\/07\/logo_factura.jpg\",\"contentUrl\":\"https:\/\/jamon-patanegra.com\/wp-content\/uploads\/2021\/07\/logo_factura.jpg\",\"width\":470,\"height\":176,\"caption\":\"Jamon-PataNegra.com\"},\"image\":{\"@id\":\"https:\/\/jamon-patanegra.com\/en\/#\/schema\/logo\/image\/\"}}]}<\/script>\n<!-- \/ Yoast SEO plugin. -->","yoast_head_json":{"title":"Serrano Ham RESERVA Traditional Speciality Guaranteed - Buy Online | jamon-patanegra.com","description":"Buy 'Jam\u00f3n Serrano Reserva' Traditional. It is called serrano because of the ancient tradition of curing them in the sierras. Buy Online with home delivery!","robots":{"index":"index","follow":"follow","max-snippet":"max-snippet:-1","max-image-preview":"max-image-preview:large","max-video-preview":"max-video-preview:-1"},"canonical":"https:\/\/jamon-patanegra.com\/en\/producto\/jamon-serrano-reserva\/","og_locale":"en_US","og_type":"article","og_title":"Serrano Ham RESERVA Traditional Speciality Guaranteed - Buy Online | jamon-patanegra.com","og_description":"Buy 'Jam\u00f3n Serrano Reserva' Traditional. It is called serrano because of the ancient tradition of curing them in the sierras. Buy Online with home delivery!","og_url":"https:\/\/jamon-patanegra.com\/en\/producto\/jamon-serrano-reserva\/","og_site_name":"Jamon-PataNegra.com","article_modified_time":"2023-06-09T13:02:48+00:00","og_image":[{"width":1200,"height":1200,"url":"https:\/\/jamon-patanegra.com\/wp-content\/uploads\/2021\/05\/jamon-serrano-reserva-2.png","type":"image\/png"}],"twitter_card":"summary_large_image","schema":{"@context":"https:\/\/schema.org","@graph":[{"@type":"WebPage","@id":"https:\/\/jamon-patanegra.com\/en\/producto\/jamon-serrano-reserva\/","url":"https:\/\/jamon-patanegra.com\/en\/producto\/jamon-serrano-reserva\/","name":"Serrano Ham RESERVA Traditional Speciality Guaranteed - Buy Online | jamon-patanegra.com","isPartOf":{"@id":"https:\/\/jamon-patanegra.com\/en\/#website"},"primaryImageOfPage":{"@id":"https:\/\/jamon-patanegra.com\/en\/producto\/jamon-serrano-reserva\/#primaryimage"},"image":{"@id":"https:\/\/jamon-patanegra.com\/en\/producto\/jamon-serrano-reserva\/#primaryimage"},"thumbnailUrl":"https:\/\/jamon-patanegra.com\/wp-content\/uploads\/2021\/05\/jamon-serrano-reserva-2.png","datePublished":"2021-05-14T12:42:14+00:00","dateModified":"2023-06-09T13:02:48+00:00","description":"Buy 'Jam\u00f3n Serrano Reserva' Traditional. It is called serrano because of the ancient tradition of curing them in the sierras. Buy Online with home delivery!","breadcrumb":{"@id":"https:\/\/jamon-patanegra.com\/en\/producto\/jamon-serrano-reserva\/#breadcrumb"},"inLanguage":"en-US","potentialAction":[{"@type":"ReadAction","target":["https:\/\/jamon-patanegra.com\/en\/producto\/jamon-serrano-reserva\/"]}]},{"@type":"ImageObject","inLanguage":"en-US","@id":"https:\/\/jamon-patanegra.com\/en\/producto\/jamon-serrano-reserva\/#primaryimage","url":"https:\/\/jamon-patanegra.com\/wp-content\/uploads\/2021\/05\/jamon-serrano-reserva-2.png","contentUrl":"https:\/\/jamon-patanegra.com\/wp-content\/uploads\/2021\/05\/jamon-serrano-reserva-2.png","width":1200,"height":1200},{"@type":"BreadcrumbList","@id":"https:\/\/jamon-patanegra.com\/en\/producto\/jamon-serrano-reserva\/#breadcrumb","itemListElement":[{"@type":"ListItem","position":1,"name":"Portada","item":"https:\/\/jamon-patanegra.com\/en\/"},{"@type":"ListItem","position":2,"name":"Shop","item":"https:\/\/jamon-patanegra.com\/en\/shop\/"},{"@type":"ListItem","position":3,"name":"Serrano Ham Traditional Speciality Guaranteed Reserve"}]},{"@type":"WebSite","@id":"https:\/\/jamon-patanegra.com\/en\/#website","url":"https:\/\/jamon-patanegra.com\/en\/","name":"Jamon-PataNegra.com","description":"","publisher":{"@id":"https:\/\/jamon-patanegra.com\/en\/#organization"},"potentialAction":[{"@type":"SearchAction","target":{"@type":"EntryPoint","urlTemplate":"https:\/\/jamon-patanegra.com\/en\/?s={search_term_string}"},"query-input":{"@type":"PropertyValueSpecification","valueRequired":true,"valueName":"search_term_string"}}],"inLanguage":"en-US"},{"@type":"Organization","@id":"https:\/\/jamon-patanegra.com\/en\/#organization","name":"Jamon-PataNegra.com","url":"https:\/\/jamon-patanegra.com\/en\/","logo":{"@type":"ImageObject","inLanguage":"en-US","@id":"https:\/\/jamon-patanegra.com\/en\/#\/schema\/logo\/image\/","url":"https:\/\/jamon-patanegra.com\/wp-content\/uploads\/2021\/07\/logo_factura.jpg","contentUrl":"https:\/\/jamon-patanegra.com\/wp-content\/uploads\/2021\/07\/logo_factura.jpg","width":470,"height":176,"caption":"Jamon-PataNegra.com"},"image":{"@id":"https:\/\/jamon-patanegra.com\/en\/#\/schema\/logo\/image\/"}}]}},"_links":{"self":[{"href":"https:\/\/jamon-patanegra.com\/en\/wp-json\/wp\/v2\/product\/1068","targetHints":{"allow":["GET"]}}],"collection":[{"href":"https:\/\/jamon-patanegra.com\/en\/wp-json\/wp\/v2\/product"}],"about":[{"href":"https:\/\/jamon-patanegra.com\/en\/wp-json\/wp\/v2\/types\/product"}],"replies":[{"embeddable":true,"href":"https:\/\/jamon-patanegra.com\/en\/wp-json\/wp\/v2\/comments?post=1068"}],"wp:featuredmedia":[{"embeddable":true,"href":"https:\/\/jamon-patanegra.com\/en\/wp-json\/wp\/v2\/media\/1926"}],"wp:attachment":[{"href":"https:\/\/jamon-patanegra.com\/en\/wp-json\/wp\/v2\/media?parent=1068"}],"wp:term":[{"taxonomy":"product_brand","embeddable":true,"href":"https:\/\/jamon-patanegra.com\/en\/wp-json\/wp\/v2\/product_brand?post=1068"},{"taxonomy":"product_cat","embeddable":true,"href":"https:\/\/jamon-patanegra.com\/en\/wp-json\/wp\/v2\/product_cat?post=1068"},{"taxonomy":"product_tag","embeddable":true,"href":"https:\/\/jamon-patanegra.com\/en\/wp-json\/wp\/v2\/product_tag?post=1068"}],"curies":[{"name":"wp","href":"https:\/\/api.w.org\/{rel}","templated":true}]}}